{"id":4440,"date":"2013-07-12T13:52:01","date_gmt":"2013-07-12T11:52:01","guid":{"rendered":"https:\/\/resisttoexist.de\/wp\/?page_id=678"},"modified":"2025-08-18T09:09:22","modified_gmt":"2025-08-18T07:09:22","slug":"faq-2","status":"publish","type":"page","link":"http:\/\/resisttoexist.de\/wp\/en\/faq-2\/","title":{"rendered":"FAQ"},"content":{"rendered":"<h2 class=\"wp-block-heading\">Einkaufen<\/h2>\n\n\n\n<p>Ein Aldi und ein Familia sind nur einen Kilometer vom Gel\u00e4nde entfernt. Weitere Superm\u00e4rkte gibt es im Stadtzentrum.<\/p>\n\n\n\n<h2 class=\"wp-block-heading\">Elternzettel<\/h2>\n\n\n\n<p>Wenn Du noch nicht 18 bist, musst Du neben deinem regul\u00e4ren Ticket 2 ausgef\u00fcllte Elternzettel mitbringen! Einen Elternzettel gibst du bitte beim Einlass ab, den anderen tr\u00e4gst du bitte immer bei dir. Download: <a href=\"https:\/\/resisttoexist.de\/wp\/wp-content\/uploads\/Muttizettel_2025.pdf\"><strong>Elternzettel_202<\/strong>5<\/a>\u2192 Bitte 2x ausdrucken und 2x ausf\u00fcllen! Du willst deine eigenen Kids mitbringen? -> siehe Kinderticket<\/p>\n\n\n\n<h2 class=\"wp-block-heading\">First aid<\/h2>\n\n\n\n<p>First-aid attendants can be found in the medical tent marked with a first aid flag in the backstage area. Talk to the security guards (you can recognize them by their red T-shirts), they are in radio contact with the medical team!<\/p>\n\n\n\n<h2 class=\"wp-block-heading\">Food<\/h2>\n\n\n\n<p>Various stands offer delicious food at fair prices that will satisfy stomachs of both meat lovers and vegans.<em><br><\/em><\/p>\n\n\n\n<p>There has been a breakfast stand (BREAKFAST TO EXIST) since 2016 to ensure a happy start to the day. It opens on Saturday and Sunday between 9 a.m. and 1 p.m. The offer includes sandwiches with sausage, cheese and vegan spreads, and of course coffee. You can get all of this at reasonable prices. Since this stand is run by our diligent helpers, 100% of the proceeds go to the festival.<\/p>\n\n\n<div tabindex=\"0\" class=\"cycloneslider cycloneslider-template-standard cycloneslider-width-responsive\" id=\"cycloneslider-faq_essen-1\" style=\"max-width:1152px\" > <div class=\"cycloneslider-slides cycle-slideshow\" data-cycle-allow-wrap=\"true\" data-cycle-dynamic-height=\"off\" data-cycle-auto-height=\"1152:768\" data-cycle-auto-height-easing=\"null\" data-cycle-auto-height-speed=\"250\" data-cycle-delay=\"0\" data-cycle-easing=\"\" data-cycle-fx=\"fade\" data-cycle-hide-non-active=\"true\" data-cycle-log=\"false\" data-cycle-next=\"#cycloneslider-faq_essen-1 .cycloneslider-next\" data-cycle-pager=\"#cycloneslider-faq_essen-1 .cycloneslider-pager\" data-cycle-pause-on-hover=\"true\" data-cycle-prev=\"#cycloneslider-faq_essen-1 .cycloneslider-prev\" data-cycle-slides=\"&gt; div\" data-cycle-speed=\"1000\" data-cycle-swipe=\"false\" data-cycle-tile-count=\"7\" data-cycle-tile-delay=\"100\" data-cycle-tile-vertical=\"true\" data-cycle-timeout=\"7000\" > <div class=\"cycloneslider-slide cycloneslider-slide-image\" > <img decoding=\"async\" src=\"https:\/\/resisttoexist.de\/wp\/wp-content\/uploads\/155.jpg\" alt=\"\" title=\"\" \/> <\/div> <div class=\"cycloneslider-slide cycloneslider-slide-image\" > <img decoding=\"async\" src=\"https:\/\/resisttoexist.de\/wp\/wp-content\/uploads\/DSC02119-1152x768.jpg\" alt=\"\" title=\"\" \/> <\/div> <div class=\"cycloneslider-slide cycloneslider-slide-image\" > <img decoding=\"async\" src=\"https:\/\/resisttoexist.de\/wp\/wp-content\/uploads\/IMG_3770.jpg\" alt=\"\" title=\"\" \/> <\/div> <div class=\"cycloneslider-slide cycloneslider-slide-image\" > <img decoding=\"async\" src=\"https:\/\/resisttoexist.de\/wp\/wp-content\/uploads\/086-1152x768.jpg\" alt=\"\" title=\"\" \/> <\/div> <div class=\"cycloneslider-slide cycloneslider-slide-image\" > <img decoding=\"async\" src=\"https:\/\/resisttoexist.de\/wp\/wp-content\/uploads\/RTE-2016-020-1152x768.jpg\" alt=\"\" title=\"\" \/> <\/div> <div class=\"cycloneslider-slide cycloneslider-slide-image\" > <img decoding=\"async\" src=\"https:\/\/resisttoexist.de\/wp\/wp-content\/uploads\/SAM_1948-1152x768.jpg\" alt=\"\" title=\"\" \/> <\/div> <div class=\"cycloneslider-slide cycloneslider-slide-image\" > <img decoding=\"async\" src=\"https:\/\/resisttoexist.de\/wp\/wp-content\/uploads\/breakfast-to-exist-1-1152x768.jpg\" alt=\"\" title=\"\" \/> <\/div> <\/div> <\/div>\n\n\n\n<h2 class=\"wp-block-heading\">Festival wristband<\/h2>\n\n\n\n<p>You will receive a fabric festival wristband tied around your wrist at the entrance if you get a weekend ticket. Once it's on, you can only get it off with scissors.<\/p>\n\n\n\n<p>With this wristband you can leave the area as often as you want. When you come back, show the festival wristband at the entrance and you can enter the area again.<\/p>\n\n\n\n<h2 class=\"wp-block-heading d-none\">Gel\u00e4nde\/Anreise<\/h2>\n\n\n\n<p class=\"d-none\">Eichh\u00f6lzer Weg, 19348 Perleberg (53.063615, 11.827630)<\/p>\n\n\n\n<h2 class=\"wp-block-heading d-none\">Getr\u00e4nke<\/h2>\n\n\n\n<p class=\"d-none\">An unseren 3 Bier-Tresen gibt es neben Bier f\u00fcr 3,50\u20ac auch Soft-Drinks und Wasser im Angebot. Einer davon wird ein <a href=\"https:\/\/quartiermeister.org\/de\/quartiermeister\/\">anderes, leicht teureres Bier f\u00fcr einen <strong>guten<\/strong> Zweck anbieten<\/a>. Dort wird es auch Cider und sehr wahrscheinlich alkoholfreies Bier geben. An unserem Bowle-Tresen gibt es leckere Bowle sowie Longdrinks. Wie gewohnt wird es auch wieder einen 24-Stunden-Tresen geben.<\/p>\n\n\n<div tabindex=\"0\" class=\"cycloneslider cycloneslider-template-standard cycloneslider-width-responsive\" id=\"cycloneslider-faq_getraenke-2\" style=\"max-width:1152px\" > <div class=\"cycloneslider-slides cycle-slideshow\" data-cycle-allow-wrap=\"true\" data-cycle-dynamic-height=\"off\" data-cycle-auto-height=\"1152:759\" data-cycle-auto-height-easing=\"null\" data-cycle-auto-height-speed=\"250\" data-cycle-delay=\"0\" data-cycle-easing=\"\" data-cycle-fx=\"fade\" data-cycle-hide-non-active=\"true\" data-cycle-log=\"false\" data-cycle-next=\"#cycloneslider-faq_getraenke-2 .cycloneslider-next\" data-cycle-pager=\"#cycloneslider-faq_getraenke-2 .cycloneslider-pager\" data-cycle-pause-on-hover=\"true\" data-cycle-prev=\"#cycloneslider-faq_getraenke-2 .cycloneslider-prev\" data-cycle-slides=\"&gt; div\" data-cycle-speed=\"1000\" data-cycle-swipe=\"false\" data-cycle-tile-count=\"7\" data-cycle-tile-delay=\"100\" data-cycle-tile-vertical=\"true\" data-cycle-timeout=\"7000\" > <div class=\"cycloneslider-slide cycloneslider-slide-image\" > <img decoding=\"async\" src=\"https:\/\/resisttoexist.de\/wp\/wp-content\/uploads\/023-1152x759.jpg\" alt=\"\" title=\"\" \/> <\/div> <div class=\"cycloneslider-slide cycloneslider-slide-image\" > <img decoding=\"async\" src=\"https:\/\/resisttoexist.de\/wp\/wp-content\/uploads\/IMG_3812-1152x759.jpg\" alt=\"\" title=\"\" \/> <\/div> <div class=\"cycloneslider-slide cycloneslider-slide-image\" > <img decoding=\"async\" src=\"https:\/\/resisttoexist.de\/wp\/wp-content\/uploads\/3913563_1425602604132091_185675696746286293_o-1152x759.jpg\" alt=\"\" title=\"\" \/> <\/div> <div class=\"cycloneslider-slide cycloneslider-slide-image\" > <img decoding=\"async\" src=\"https:\/\/resisttoexist.de\/wp\/wp-content\/uploads\/4107735_1448752031817148_2665623095573696179_o-1152x759.jpg\" alt=\"\" title=\"\" \/> <\/div> <div class=\"cycloneslider-slide cycloneslider-slide-image\" > <img decoding=\"async\" src=\"https:\/\/resisttoexist.de\/wp\/wp-content\/uploads\/104-1152x759.jpg\" alt=\"\" title=\"\" \/> <\/div> <div class=\"cycloneslider-slide cycloneslider-slide-image\" > <img decoding=\"async\" src=\"https:\/\/resisttoexist.de\/wp\/wp-content\/uploads\/155-1152x759.jpg\" alt=\"\" title=\"\" \/> <\/div> <\/div> <\/div>\n\n\n\n<h2 class=\"wp-block-heading d-none\">Grillen<\/h2>\n\n\n\n<p class=\"d-none\">Wir k\u00f6nnen aktuell nicht garantieren, dass es eine ausgewiesene Fl\u00e4che zum Grillen geben wird. Aus Sicherheitsgr\u00fcnden ist offenes Feuer auf dem gesamten Festival verboten. Aufgrund der Trockenheit und hoher Waldbrandstufe wird unser Schutz hier keinen Spa\u00df verstehen und kompromisslos durchgreifen. Wer au\u00dferhalb der ausgewiesenen Fl\u00e4chen z\u00fcndelt oder grillt, fliegt vom Festival.&nbsp;<\/p>\n\n\n\n<h2 class=\"wp-block-heading\">Hygiene<\/h2>\n\n\n\n<p>There are great chemical toilets Dixies for answering a call of nature. BUT DO NOT SET FIRE in the Dixies! A financial refund costs us a 4-figure amount and we are happy to forego the stress.<\/p>\n\n\n\n<p>There will be water points and some refreshing cold water showers. Festival shower is a superpower!<\/p>\n\n\n\n<h2 class=\"wp-block-heading\">Child tickets&nbsp;<\/h2>\n\n\n\n<p>Child ticket is a ticket for young guests aged (at least) 12 to (less than) 16 they are accompanied by at least one legal guardian. If you are between 16 and 18, see parent information sheet.<br>Free admission for children under 12, but they must be accompanied by at least one parent or legal guardian.<\/p>\n\n\n\n<h2 class=\"wp-block-heading\">Nazis?<\/h2>\n\n\n\n<p>Nazis will not be tolerated. Resist to Exist sees itself as an anti-fascist festival. Nazi slogans, shirts and music as well as discriminatory behavior have no place with us.<\/p>\n\n\n\n<h2 class=\"wp-block-heading\">Netiquette<\/h2>\n\n\n\n<p>Different needs often come together at a festival. To ensure that it is a wonderful festival for everyone, we have thought about what kind of interaction we would like. All information in our <a href=\"https:\/\/resisttoexist.de\/wp\/en\/rte-netiquette\/\">Netiquette<\/a>.&nbsp;<\/p>\n\n\n\n<h2 class=\"wp-block-heading d-none\">Parken<\/h2>\n\n\n\n<p class=\"d-none\">Leider k\u00f6nnen wir keine Parkpl\u00e4tze bereitstellen. \u00dcbernachtung mit Fahrzeugen ist nicht m\u00f6glich. Auch im \u00f6ffentlichen Stra\u00dfenraum stehen nur begrenzt Parkm\u00f6glichkeiten zur Verf\u00fcgung, sodass wir euch bitten (auch im Sinne der Nachhaltigkeit) mit Bus &amp; Bahn anzureisen. Die n\u00e4chste S-Bahnstation ist in fu\u00dfl\u00e4ufiger N\u00e4he, ebenso wie diverse Superm\u00e4rkte. Falls ihr im \u00f6ffentlichen Stra\u00dfenraum einen Parkplatz findet, gilt selbstverst\u00e4ndlich dort die<strong> <a href=\"https:\/\/www.gesetze-im-internet.de\/stvo_2013\/\">Stra\u00dfenverkehrsordnung<\/a><\/strong>.<\/p>\n\n\n\n<h2 class=\"wp-block-heading\">Donations<\/h2>\n\n\n\n<p>You can also donate to us on our <strong><a href=\"https:\/\/tickets.resisttoexist.de\/alternatiev\/rte17\/\">pre-sale page<\/a><\/strong> We use the money to cover the court and legal costs of the past and future proceedings to manage the place in Kremmen and to ensure our work.&nbsp;<\/p>\n\n\n\n<h2 class=\"wp-block-heading\">Stress on the area<\/h2>\n\n\n\n<p>If there is trouble, contact the security guards. The security are people from the scene who do this on a voluntary basis because they are interested in the festival. So be nice! In the event of serious violations, you will be kicked out of the event area.&nbsp;<\/p>\n\n\n\n<p>In addition to protection, we have an awareness crew on the site including a fixed contact point. If any shit happens to you, you will find support, an open ear and a safe place to retreat here. You can recognize the awareness crew by their yellow T-shirts.<\/p>\n\n\n\n<h2 class=\"wp-block-heading d-none\">Tickets \/ Ticketpreise<\/h2>\n\n\n\n<p class=\"d-none\">Nach Start des Vorverkaufs gab es zeitweise &#8222;Early Bird&#8220; Tickets (75\u20ac) und die &#8222;Not so Early Bird&#8220; Phase (89\u20ac). Mittlerweile sind wir beim regul\u00e4ren Ticketpreis von 89 Euro. <a href=\"https:\/\/tickets.resisttoexist.de\/alternatiev\/rte18\/\">Tickets bekommst du hier.<\/a><\/p>\n\n\n\n<h2 class=\"wp-block-heading\">Forbidden objects<\/h2>\n\n\n\n<p>We want to avoid injuries as much as possible. <strong>Therefore, weapons<\/strong> and <strong>glass<\/strong> are prohibited throughout the entire area.&nbsp;<br>To protect animals, we ask that you do not bring your dogs, cats, rats, elephants, blue whales or whatever you keep as <strong>a pet.<\/strong> Common <strong>festival noise levels<\/strong>are certainly not pleasant for animals, and none of us will be able to ensure the safety of your animals.<\/p>\n\n\n\n<figure class=\"wp-block-gallery has-nested-images columns-3 is-cropped wp-block-gallery-1 is-layout-flex wp-block-gallery-is-layout-flex\">\n<figure class=\"wp-block-image size-large\"><img loading=\"lazy\" decoding=\"async\" width=\"195\" height=\"191\" data-id=\"3581\" src=\"https:\/\/resisttoexist.de\/wp\/wp-content\/uploads\/can-stock-photo_csp6474595.jpg\" alt=\"FAQ Keine Messer\" class=\"wp-image-3581\"\/><\/figure>\n\n\n\n<figure class=\"wp-block-image size-large\"><img loading=\"lazy\" decoding=\"async\" width=\"292\" height=\"300\" data-id=\"3582\" src=\"https:\/\/resisttoexist.de\/wp\/wp-content\/uploads\/NO-GLASS-450px-292x300.jpg\" alt=\"FAQ kein Glas\" class=\"wp-image-3582\"\/><\/figure>\n\n\n\n<figure class=\"wp-block-image size-large\"><img loading=\"lazy\" decoding=\"async\" width=\"450\" height=\"445\" data-id=\"3580\" src=\"https:\/\/resisttoexist.de\/wp\/wp-content\/uploads\/7426694_m2-450x445.jpg\" alt=\"\" class=\"wp-image-3580\" srcset=\"https:\/\/resisttoexist.de\/wp\/wp-content\/uploads\/7426694_m2-450x445.jpg 450w, https:\/\/resisttoexist.de\/wp\/wp-content\/uploads\/7426694_m2-450x445-300x297.jpg 300w, https:\/\/resisttoexist.de\/wp\/wp-content\/uploads\/7426694_m2-450x445-303x300.jpg 303w\" sizes=\"auto, (max-width: 450px) 100vw, 450px\" \/><\/figure>\n<\/figure>\n\n\n\n<h2 class=\"wp-block-heading\">Event regulations<\/h2>\n\n\n\n<p>We have event regulations that you accept when you enter the event area. You can <strong><a href=\"https:\/\/resisttoexist.de\/wp\/wp-content\/uploads\/Veranstaltungsordnung_2023.docx\">download it<\/a><\/strong> here<\/p>\n\n\n\n<h2 class=\"wp-block-heading\">Any questions left unanswered?<br>Then contact us via email at: <a href=\"mailto:info@resisttoexist.de\">info@resisttoexist.de<\/a><\/h2>\n\n\n<div class=\"wp-block-image\">\n<figure class=\"aligncenter\"><a href=\"https:\/\/resisttoexist.de\/wp\/wp-content\/uploads\/14068015_1448751288483889_4591528345728968005_o.jpg\"><img loading=\"lazy\" decoding=\"async\" width=\"1024\" height=\"253\" src=\"https:\/\/resisttoexist.de\/wp\/wp-content\/uploads\/14068015_1448751288483889_4591528345728968005_o-1024x253.jpg\" alt=\"14068015_1448751288483889_4591528345728968005_o\" class=\"wp-image-3594\" srcset=\"https:\/\/resisttoexist.de\/wp\/wp-content\/uploads\/14068015_1448751288483889_4591528345728968005_o-1024x253.jpg 1024w, https:\/\/resisttoexist.de\/wp\/wp-content\/uploads\/14068015_1448751288483889_4591528345728968005_o-300x74.jpg 300w, https:\/\/resisttoexist.de\/wp\/wp-content\/uploads\/14068015_1448751288483889_4591528345728968005_o-768x189.jpg 768w, https:\/\/resisttoexist.de\/wp\/wp-content\/uploads\/14068015_1448751288483889_4591528345728968005_o-500x123.jpg 500w\" sizes=\"auto, (max-width: 1024px) 100vw, 1024px\" \/><\/a><\/figure><\/div>\n\n\n<h2 class=\"wp-block-heading\"><\/h2>\n\n\n\n<p><\/p>","protected":false},"excerpt":{"rendered":"<p>Einkaufen Ein Aldi und ein Familia sind nur einen Kilometer vom Gel\u00e4nde entfernt. Weitere Superm\u00e4rkte gibt es im Stadtzentrum. Elternzettel Wenn Du noch nicht 18 bist, musst Du neben deinem regul\u00e4ren Ticket 2 ausgef\u00fcllte Elternzettel mitbringen! Einen Elternzettel gibst du bitte beim Einlass ab, den anderen tr\u00e4gst du bitte immer bei dir. Download: Elternzettel_2025\u2192 Bitte &#8230; <a title=\"FAQ\" class=\"read-more\" href=\"http:\/\/resisttoexist.de\/wp\/en\/faq-2\/\" aria-label=\"More on FAQ\">Read more<\/a><\/p>","protected":false},"author":9,"featured_media":3600,"parent":0,"menu_order":6,"comment_status":"open","ping_status":"closed","template":"","meta":{"footnotes":""},"class_list":["post-4440","page","type-page","status-publish","has-post-thumbnail"],"yoast_head":"<!-- This site is optimized with the Yoast SEO plugin v27.5 - https:\/\/yoast.com\/product\/yoast-seo-wordpress\/ -->\n<title>FAQ - Resist to Exist<\/title>\n<meta name=\"description\" content=\"Resist to Exist: Wo kann ich einkaufen? Wie sieht es mit Duschen aus? Sind Haustiere erlaubt? Fragen \u00fcber Fragen - und hier findet ihr alle Antworten &gt;&gt; FAQ\" \/>\n<meta name=\"robots\" content=\"index, follow, max-snippet:-1, max-image-preview:large, max-video-preview:-1\" \/>\n<link rel=\"canonical\" href=\"https:\/\/resisttoexist.de\/wp\/en\/faq-2\/\" \/>\n<meta property=\"og:locale\" content=\"en_US\" \/>\n<meta property=\"og:type\" content=\"article\" \/>\n<meta property=\"og:title\" content=\"FAQ - Resist to Exist\" \/>\n<meta property=\"og:description\" content=\"Resist to Exist: Wo kann ich einkaufen? Wie sieht es mit Duschen aus? Sind Haustiere erlaubt? Fragen \u00fcber Fragen - und hier findet ihr alle Antworten &gt;&gt; FAQ\" \/>\n<meta property=\"og:url\" content=\"https:\/\/resisttoexist.de\/wp\/en\/faq-2\/\" \/>\n<meta property=\"og:site_name\" content=\"Resist to Exist\" \/>\n<meta property=\"article:modified_time\" content=\"2025-08-18T07:09:22+00:00\" \/>\n<meta property=\"og:image\" content=\"https:\/\/resisttoexist.de\/wp\/wp-content\/uploads\/14115036_1448751121817239_1760901200565745458_o.jpg\" \/>\n\t<meta property=\"og:image:width\" content=\"2446\" \/>\n\t<meta property=\"og:image:height\" content=\"603\" \/>\n\t<meta property=\"og:image:type\" content=\"image\/jpeg\" \/>\n<meta name=\"twitter:label1\" content=\"Est. reading time\" \/>\n\t<meta name=\"twitter:data1\" content=\"6 minutes\" \/>\n<script type=\"application\/ld+json\" class=\"yoast-schema-graph\">{\"@context\":\"https:\\\/\\\/schema.org\",\"@graph\":[{\"@type\":\"WebPage\",\"@id\":\"https:\\\/\\\/resisttoexist.de\\\/wp\\\/faq-2\\\/\",\"url\":\"https:\\\/\\\/resisttoexist.de\\\/wp\\\/faq-2\\\/\",\"name\":\"FAQ - Resist to Exist\",\"isPartOf\":{\"@id\":\"https:\\\/\\\/resisttoexist.de\\\/wp\\\/#website\"},\"primaryImageOfPage\":{\"@id\":\"https:\\\/\\\/resisttoexist.de\\\/wp\\\/faq-2\\\/#primaryimage\"},\"image\":{\"@id\":\"https:\\\/\\\/resisttoexist.de\\\/wp\\\/faq-2\\\/#primaryimage\"},\"thumbnailUrl\":\"https:\\\/\\\/resisttoexist.de\\\/wp\\\/wp-content\\\/uploads\\\/14115036_1448751121817239_1760901200565745458_o.jpg\",\"datePublished\":\"2013-07-12T11:52:01+00:00\",\"dateModified\":\"2025-08-18T07:09:22+00:00\",\"description\":\"Resist to Exist: Wo kann ich einkaufen? Wie sieht es mit Duschen aus? Sind Haustiere erlaubt? Fragen \u00fcber Fragen - und hier findet ihr alle Antworten >> FAQ\",\"breadcrumb\":{\"@id\":\"https:\\\/\\\/resisttoexist.de\\\/wp\\\/faq-2\\\/#breadcrumb\"},\"inLanguage\":\"en-US\",\"potentialAction\":[{\"@type\":\"ReadAction\",\"target\":[\"https:\\\/\\\/resisttoexist.de\\\/wp\\\/faq-2\\\/\"]}]},{\"@type\":\"ImageObject\",\"inLanguage\":\"en-US\",\"@id\":\"https:\\\/\\\/resisttoexist.de\\\/wp\\\/faq-2\\\/#primaryimage\",\"url\":\"https:\\\/\\\/resisttoexist.de\\\/wp\\\/wp-content\\\/uploads\\\/14115036_1448751121817239_1760901200565745458_o.jpg\",\"contentUrl\":\"https:\\\/\\\/resisttoexist.de\\\/wp\\\/wp-content\\\/uploads\\\/14115036_1448751121817239_1760901200565745458_o.jpg\",\"width\":2446,\"height\":603,\"caption\":\"Resist to Exist Kremmen\"},{\"@type\":\"BreadcrumbList\",\"@id\":\"https:\\\/\\\/resisttoexist.de\\\/wp\\\/faq-2\\\/#breadcrumb\",\"itemListElement\":[{\"@type\":\"ListItem\",\"position\":1,\"name\":\"Startseite\",\"item\":\"https:\\\/\\\/resisttoexist.de\\\/wp\\\/\"},{\"@type\":\"ListItem\",\"position\":2,\"name\":\"FAQ\"}]},{\"@type\":\"WebSite\",\"@id\":\"https:\\\/\\\/resisttoexist.de\\\/wp\\\/#website\",\"url\":\"https:\\\/\\\/resisttoexist.de\\\/wp\\\/\",\"name\":\"Resist to Exist\",\"description\":\"02. \u2013 04. August 2024\",\"publisher\":{\"@id\":\"https:\\\/\\\/resisttoexist.de\\\/wp\\\/#organization\"},\"potentialAction\":[{\"@type\":\"SearchAction\",\"target\":{\"@type\":\"EntryPoint\",\"urlTemplate\":\"https:\\\/\\\/resisttoexist.de\\\/wp\\\/?s={search_term_string}\"},\"query-input\":{\"@type\":\"PropertyValueSpecification\",\"valueRequired\":true,\"valueName\":\"search_term_string\"}}],\"inLanguage\":\"en-US\"},{\"@type\":\"Organization\",\"@id\":\"https:\\\/\\\/resisttoexist.de\\\/wp\\\/#organization\",\"name\":\"Resist to Exist\",\"url\":\"https:\\\/\\\/resisttoexist.de\\\/wp\\\/\",\"logo\":{\"@type\":\"ImageObject\",\"inLanguage\":\"en-US\",\"@id\":\"https:\\\/\\\/resisttoexist.de\\\/wp\\\/#\\\/schema\\\/logo\\\/image\\\/\",\"url\":\"https:\\\/\\\/resisttoexist.de\\\/wp\\\/wp-content\\\/uploads\\\/rte-branding.png\",\"contentUrl\":\"https:\\\/\\\/resisttoexist.de\\\/wp\\\/wp-content\\\/uploads\\\/rte-branding.png\",\"width\":1960,\"height\":360,\"caption\":\"Resist to Exist\"},\"image\":{\"@id\":\"https:\\\/\\\/resisttoexist.de\\\/wp\\\/#\\\/schema\\\/logo\\\/image\\\/\"}}]}<\/script>\n<!-- \/ Yoast SEO plugin. -->","yoast_head_json":{"title":"FAQ - Resist to Exist","description":"Resist to Exist: Wo kann ich einkaufen? Wie sieht es mit Duschen aus? Sind Haustiere erlaubt? Fragen \u00fcber Fragen - und hier findet ihr alle Antworten >> FAQ","robots":{"index":"index","follow":"follow","max-snippet":"max-snippet:-1","max-image-preview":"max-image-preview:large","max-video-preview":"max-video-preview:-1"},"canonical":"https:\/\/resisttoexist.de\/wp\/en\/faq-2\/","og_locale":"en_US","og_type":"article","og_title":"FAQ - Resist to Exist","og_description":"Resist to Exist: Wo kann ich einkaufen? Wie sieht es mit Duschen aus? Sind Haustiere erlaubt? Fragen \u00fcber Fragen - und hier findet ihr alle Antworten >> FAQ","og_url":"https:\/\/resisttoexist.de\/wp\/en\/faq-2\/","og_site_name":"Resist to Exist","article_modified_time":"2025-08-18T07:09:22+00:00","og_image":[{"width":2446,"height":603,"url":"https:\/\/resisttoexist.de\/wp\/wp-content\/uploads\/14115036_1448751121817239_1760901200565745458_o.jpg","type":"image\/jpeg"}],"twitter_misc":{"Est. reading time":"6 minutes"},"schema":{"@context":"https:\/\/schema.org","@graph":[{"@type":"WebPage","@id":"https:\/\/resisttoexist.de\/wp\/faq-2\/","url":"https:\/\/resisttoexist.de\/wp\/faq-2\/","name":"FAQ - Resist to Exist","isPartOf":{"@id":"https:\/\/resisttoexist.de\/wp\/#website"},"primaryImageOfPage":{"@id":"https:\/\/resisttoexist.de\/wp\/faq-2\/#primaryimage"},"image":{"@id":"https:\/\/resisttoexist.de\/wp\/faq-2\/#primaryimage"},"thumbnailUrl":"https:\/\/resisttoexist.de\/wp\/wp-content\/uploads\/14115036_1448751121817239_1760901200565745458_o.jpg","datePublished":"2013-07-12T11:52:01+00:00","dateModified":"2025-08-18T07:09:22+00:00","description":"Resist to Exist: Wo kann ich einkaufen? Wie sieht es mit Duschen aus? Sind Haustiere erlaubt? Fragen \u00fcber Fragen - und hier findet ihr alle Antworten >> FAQ","breadcrumb":{"@id":"https:\/\/resisttoexist.de\/wp\/faq-2\/#breadcrumb"},"inLanguage":"en-US","potentialAction":[{"@type":"ReadAction","target":["https:\/\/resisttoexist.de\/wp\/faq-2\/"]}]},{"@type":"ImageObject","inLanguage":"en-US","@id":"https:\/\/resisttoexist.de\/wp\/faq-2\/#primaryimage","url":"https:\/\/resisttoexist.de\/wp\/wp-content\/uploads\/14115036_1448751121817239_1760901200565745458_o.jpg","contentUrl":"https:\/\/resisttoexist.de\/wp\/wp-content\/uploads\/14115036_1448751121817239_1760901200565745458_o.jpg","width":2446,"height":603,"caption":"Resist to Exist Kremmen"},{"@type":"BreadcrumbList","@id":"https:\/\/resisttoexist.de\/wp\/faq-2\/#breadcrumb","itemListElement":[{"@type":"ListItem","position":1,"name":"Startseite","item":"https:\/\/resisttoexist.de\/wp\/"},{"@type":"ListItem","position":2,"name":"FAQ"}]},{"@type":"WebSite","@id":"https:\/\/resisttoexist.de\/wp\/#website","url":"https:\/\/resisttoexist.de\/wp\/","name":"Resist to Exist","description":"02. \u2013 04. August 2024","publisher":{"@id":"https:\/\/resisttoexist.de\/wp\/#organization"},"potentialAction":[{"@type":"SearchAction","target":{"@type":"EntryPoint","urlTemplate":"https:\/\/resisttoexist.de\/wp\/?s={search_term_string}"},"query-input":{"@type":"PropertyValueSpecification","valueRequired":true,"valueName":"search_term_string"}}],"inLanguage":"en-US"},{"@type":"Organization","@id":"https:\/\/resisttoexist.de\/wp\/#organization","name":"Resist to Exist","url":"https:\/\/resisttoexist.de\/wp\/","logo":{"@type":"ImageObject","inLanguage":"en-US","@id":"https:\/\/resisttoexist.de\/wp\/#\/schema\/logo\/image\/","url":"https:\/\/resisttoexist.de\/wp\/wp-content\/uploads\/rte-branding.png","contentUrl":"https:\/\/resisttoexist.de\/wp\/wp-content\/uploads\/rte-branding.png","width":1960,"height":360,"caption":"Resist to Exist"},"image":{"@id":"https:\/\/resisttoexist.de\/wp\/#\/schema\/logo\/image\/"}}]}},"_links":{"self":[{"href":"http:\/\/resisttoexist.de\/wp\/en\/wp-json\/wp\/v2\/pages\/4440","targetHints":{"allow":["GET"]}}],"collection":[{"href":"http:\/\/resisttoexist.de\/wp\/en\/wp-json\/wp\/v2\/pages"}],"about":[{"href":"http:\/\/resisttoexist.de\/wp\/en\/wp-json\/wp\/v2\/types\/page"}],"author":[{"embeddable":true,"href":"http:\/\/resisttoexist.de\/wp\/en\/wp-json\/wp\/v2\/users\/9"}],"replies":[{"embeddable":true,"href":"http:\/\/resisttoexist.de\/wp\/en\/wp-json\/wp\/v2\/comments?post=4440"}],"version-history":[{"count":58,"href":"http:\/\/resisttoexist.de\/wp\/en\/wp-json\/wp\/v2\/pages\/4440\/revisions"}],"predecessor-version":[{"id":8398,"href":"http:\/\/resisttoexist.de\/wp\/en\/wp-json\/wp\/v2\/pages\/4440\/revisions\/8398"}],"wp:featuredmedia":[{"embeddable":true,"href":"http:\/\/resisttoexist.de\/wp\/en\/wp-json\/wp\/v2\/media\/3600"}],"wp:attachment":[{"href":"http:\/\/resisttoexist.de\/wp\/en\/wp-json\/wp\/v2\/media?parent=4440"}],"curies":[{"name":"wp","href":"https:\/\/api.w.org\/{rel}","templated":true}]}}